{"id":30320,"date":"2026-01-12T13:26:41","date_gmt":"2026-01-12T21:26:41","guid":{"rendered":"https:\/\/paulchappell.com\/?page_id=30320"},"modified":"2026-02-18T14:35:42","modified_gmt":"2026-02-18T22:35:42","slug":"espanol","status":"publish","type":"page","link":"https:\/\/paulchappell.com\/es\/espanol\/","title":{"rendered":"Spanish Blog"},"content":{"rendered":"<p>[et_pb_section fb_built=\u00bb1&#8243; admin_label=\u00bbsection\u00bb _builder_version=\u00bb4.16&#8243; custom_padding=\u00bb2px|0px|16px|0px\u00bb global_colors_info=\u00bb{}\u00bb][et_pb_row column_structure=\u00bb3_4,1_4&#8243; disabled_on=\u00bb|off|\u00bb admin_label=\u00bbrow\u00bb _builder_version=\u00bb4.27.5&#8243; background_size=\u00bbinitial\u00bb background_position=\u00bbtop_left\u00bb background_repeat=\u00bbrepeat\u00bb max_width=\u00bb1199px\u00bb custom_padding=\u00bb82px|0px|0px|0px|false|false\u00bb use_custom_width=\u00bbon\u00bb custom_width_px=\u00bb1199px\u00bb global_colors_info=\u00bb{}\u00bb][et_pb_column type=\u00bb3_4&#8243; _builder_version=\u00bb4.16&#8243; custom_padding=\u00bb|||\u00bb global_colors_info=\u00bb{}\u00bb custom_padding__hover=\u00bb|||\u00bb][et_pb_blog posts_number=\u00bb7&#8243; include_categories=\u00bb709&#8243; show_comments=\u00bbon\u00bb use_overlay=\u00bbon\u00bb overlay_icon_color=\u00bb#fcfcfc\u00bb hover_overlay_color=\u00bbrgba(62,80,98,0.5)\u00bb _builder_version=\u00bb4.27.5&#8243; hover_enabled=\u00bb0&#8243; pagination_font_size_tablet=\u00bb51&#8243; pagination_line_height_tablet=\u00bb2&#8243; global_colors_info=\u00bb{}\u00bb sticky_enabled=\u00bb0&#8243;][\/et_pb_blog][\/et_pb_column][et_pb_column type=\u00bb1_4&#8243; _builder_version=\u00bb4.27.5&#8243; custom_padding=\u00bb|||25px|false|false\u00bb border_width_left=\u00bb1px\u00bb border_color_left=\u00bb#828282&#8243; global_colors_info=\u00bb{}\u00bb custom_padding__hover=\u00bb|||\u00bb][et_pb_image src=\u00bbhttps:\/\/paulchappell.com\/wp-content\/uploads\/2024\/03\/pastor-paul-chappell-square.jpg\u00bb title_text=\u00bbpastor-paul-chappell-square\u00bb _builder_version=\u00bb4.27.5&#8243; _module_preset=\u00bbdefault\u00bb global_colors_info=\u00bb{}\u00bb][\/et_pb_image][et_pb_text _builder_version=\u00bb4.27.5&#8243; _module_preset=\u00bbdefault\u00bb global_colors_info=\u00bb{}\u00bb]<\/p>\n<p>El Dr. Paul Chappell es el pastor principal de la Iglesia Bautista de Lancaster y presidente del Colegio Bautista de la Costa Oeste en Lancaster, California. Su visi\u00f3n b\u00edblica ha guiado a la iglesia a convertirse en una de las iglesias bautistas independientes m\u00e1s din\u00e1micas de la naci\u00f3n. Ha estado casado con su esposa, Terrie, por m\u00e1s de cuarenta a\u00f1os y es padre de cuatro hijos casados, todos sirviendo en el ministerio cristiano.<\/p>\n<p>[\/et_pb_text][\/et_pb_column][\/et_pb_row][\/et_pb_section]<\/p>\n","protected":false},"excerpt":{"rendered":"<p>El Dr. Paul Chappell es el pastor principal de la Iglesia Bautista de Lancaster y presidente del Colegio Bautista de la Costa Oeste en Lancaster, California. Su visi\u00f3n b\u00edblica ha guiado a la iglesia a convertirse en una de las iglesias bautistas independientes m\u00e1s din\u00e1micas de la naci\u00f3n. Ha estado casado con su esposa, Terrie, [&hellip;]<\/p>\n","protected":false},"author":8,"featured_media":0,"parent":0,"menu_order":0,"comment_status":"closed","ping_status":"closed","template":"","meta":{"_et_pb_use_builder":"on","_et_pb_old_content":"<p>[et_pb_section fb_built=\"1\" disabled_on=\"on|on|on\" admin_label=\"section\" _builder_version=\"4.6.6\" background_color=\"rgba(0,0,0,0.25)\" background_image=\"https:\/\/paulchappell.com\/wp-content\/uploads\/2019\/01\/chappell-family-2018.jpg\" background_blend=\"darken\" custom_margin=\"-1px||\" custom_padding=\"52px|0px|20px|0px|false|false\" disabled=\"on\"][et_pb_row use_custom_gutter=\"on\" disabled_on=\"|off|\" admin_label=\"row\" _builder_version=\"3.25\" background_size=\"initial\" background_position=\"top_left\" background_repeat=\"repeat\" max_width=\"869px\" module_alignment=\"center\" custom_padding=\"452px|0|0px|0|false|false\" filter_brightness=\"200%\" use_custom_width=\"on\" custom_width_px=\"869px\"][et_pb_column type=\"4_4\" _builder_version=\"3.25\" custom_padding=\"|||\" custom_padding__hover=\"|||\"][et_pb_text _builder_version=\"3.27.4\" text_font=\"Archivo Black||||||||\" header_text_align=\"left\" inline_fonts=\"Fjalla One,Aclonica,Amaranth\"]<\/p><h1 style=\"text-align: center;\"><strong><span style=\"font-family: Amaranth;\"><span style=\"color: #ffffff;\">HUSBAND<\/span><\/span><\/strong><\/h1><h1 style=\"text-align: center;\"><strong><span style=\"font-family: Amaranth;\"><span style=\"color: #ffffff;\">FATHER<\/span><\/span><\/strong><\/h1><h1 style=\"text-align: center;\"><strong><span style=\"font-family: Amaranth;\"><span style=\"color: #ffffff;\">PASTOR OF LANCASTER BAPTIST<\/span><\/span><\/strong><\/h1><p>[\/et_pb_text][et_pb_button button_url=\"https:\/\/paulchappell.com\/about\/\" button_text=\"Learn More\" button_alignment=\"center\" _builder_version=\"3.18.4\" custom_button=\"on\" button_text_size=\"17px\" button_text_color=\"#ffffff\" button_letter_spacing=\"3px\" button_font=\"Actor||||||||\" button_icon=\"%%28%%\" button_icon_color=\"#ffffff\" custom_margin=\"|0px||0px\" filter_saturate=\"49%\" filter_contrast=\"145%\" animation_style=\"slide\" animation_duration=\"900ms\" animation_delay=\"450ms\" animation_intensity_slide=\"32%\" animation_starting_opacity=\"21%\" box_shadow_style=\"preset2\" box_shadow_horizontal=\"-1px\" box_shadow_vertical=\"-1px\" box_shadow_color=\"rgba(0,0,0,0)\"]<br \/>[\/et_pb_button][\/et_pb_column][\/et_pb_row][et_pb_row _builder_version=\"3.25\" custom_padding=\"30px|0px|30px|0|false|false\"][et_pb_column type=\"4_4\" _builder_version=\"3.25\" custom_padding=\"|||\" custom_padding__hover=\"|||\"][\/et_pb_column][\/et_pb_row][\/et_pb_section][et_pb_section fb_built=\"1\" fullwidth=\"on\" disabled_on=\"on|on|on\" _builder_version=\"4.6.6\" _module_preset=\"default\" background_color=\"rgba(0,0,0,0.87)\" background_enable_image=\"off\" disabled=\"on\"][et_pb_fullwidth_header title=\"Follow the Holy Land Tour\" subhead=\"with Pastor Paul Chappell\" text_orientation=\"center\" button_one_text=\"Click Here\" button_one_url=\"\/holy-land-tour\" _builder_version=\"4.6.6\" _module_preset=\"default\" title_font=\"Montserrat|700||on|||||\" subhead_font=\"Montserrat|||on|||||\" subhead_font_size=\"19px\" background_color=\"rgba(0,0,0,0.63)\" background_image=\"https:\/\/paulchappell.com\/wp-content\/uploads\/2022\/05\/israel.jpg\" background_blend=\"multiply\" custom_button_one=\"on\" button_one_text_color=\"#ffffff\" button_one_bg_color=\"rgba(0,0,0,0)\" button_one_border_color=\"#ffffff\" button_one_font=\"Montserrat|||on|||||\" button_one_bg_color__hover_enabled=\"on|desktop\"][\/et_pb_fullwidth_header][\/et_pb_section][et_pb_section fb_built=\"1\" admin_label=\"section\" _builder_version=\"3.22\" custom_padding=\"2px|0px|16px|0px\"][et_pb_row column_structure=\"2_3,1_3\" disabled_on=\"|off|\" admin_label=\"row\" _builder_version=\"3.25\" background_size=\"initial\" background_position=\"top_left\" background_repeat=\"repeat\" max_width=\"1199px\" custom_padding=\"82px|0px|0px|0px|false|false\" use_custom_width=\"on\" custom_width_px=\"1199px\"][et_pb_column type=\"2_3\" _builder_version=\"3.25\" custom_padding=\"|||\" custom_padding__hover=\"|||\"][et_pb_blog posts_number=\"7\" include_categories=\"50,16,18,51,1,52,654\" show_comments=\"on\" use_overlay=\"on\" overlay_icon_color=\"#fcfcfc\" hover_overlay_color=\"rgba(62,80,98,0.5)\" _builder_version=\"4.6.6\" pagination_font_size_tablet=\"51\" pagination_line_height_tablet=\"2\"]<br \/>[\/et_pb_blog][\/et_pb_column][et_pb_column type=\"1_3\" _builder_version=\"3.25\" custom_padding=\"|||\" custom_padding__hover=\"|||\"][et_pb_sidebar orientation=\"right\" area=\"sidebar-1\" disabled_on=\"on|on|\" _builder_version=\"4.6.6\"]<br \/>[\/et_pb_sidebar][\/et_pb_column][\/et_pb_row][et_pb_row _builder_version=\"3.25\" background_size=\"initial\" background_position=\"top_left\" background_repeat=\"repeat\" max_width=\"1080px\"][\/et_pb_row][\/et_pb_section][et_pb_section fb_built=\"1\" _builder_version=\"3.22\" custom_padding=\"0px||0px|\"][et_pb_row _builder_version=\"3.25\" background_size=\"initial\" background_position=\"top_left\" background_repeat=\"repeat\" max_width=\"1080px\" custom_padding=\"35px||0px|\"][et_pb_column type=\"4_4\" _builder_version=\"3.25\" custom_padding=\"|||\" custom_padding__hover=\"|||\"][et_pb_divider color=\"#d6d6d6\" divider_weight=\"1px\" disabled_on=\"||on\" _builder_version=\"3.2\" hide_on_mobile=\"off\"]<br \/>[\/et_pb_divider][et_pb_code disabled_on=\"||on\" admin_label=\"Email Sign Up Code\"][et_bloom_inline optin_id=\"optin_1\"][\/et_pb_code][\/et_pb_column][\/et_pb_row][\/et_pb_section][et_pb_section fb_built=\"1\" _builder_version=\"3.22\" background_color=\"#eeeded\"][et_pb_row column_structure=\"1_2,1_2\" _builder_version=\"3.25\" max_width=\"1080px\"][et_pb_column type=\"1_2\" _builder_version=\"3.25\" custom_padding=\"|||\" custom_padding__hover=\"|||\"][et_pb_image src=\"https:\/\/paulchappell.com\/wp-content\/uploads\/2022\/10\/resilient-life.jpeg\" title_text=\"resilient-life\" url=\"https:\/\/www.amazon.com\/Resilient-Life-Overcoming-Anxieties-through\/dp\/1598944894\" align=\"center\" align_tablet=\"center\" align_phone=\"\" align_last_edited=\"on|desktop\" admin_label=\"Image\" module_id=\"awty-book\" _builder_version=\"4.6.6\" max_width=\"60%\" module_alignment=\"center\" custom_padding=\"0px|||||\" z_index_tablet=\"500\"]<br \/>[\/et_pb_image][\/et_pb_column][et_pb_column type=\"1_2\" _builder_version=\"3.25\" custom_padding=\"|||\" custom_padding__hover=\"|||\"][et_pb_divider show_divider=\"off\" _builder_version=\"3.2\"]<br \/>[\/et_pb_divider][et_pb_text _builder_version=\"4.6.6\" _module_preset=\"default\"]<\/p><h1><strong>THE RESILIENT LIFE<\/strong><\/h1><p>[\/et_pb_text][et_pb_text _builder_version=\"4.6.6\" _module_preset=\"default\" hover_enabled=\"0\" sticky_enabled=\"0\"]<\/p><p>OVERCOMING THE CRISES AND ANXIETIES OF LIFE THROUGH CHRIST<\/p><p>RETAIL: $22.95\/$14.95<br \/>PAGES: 256<br \/>FORMAT: Hardback\/Kindle<\/p><p>[\/et_pb_text][et_pb_button button_url=\"https:\/\/strivingtogether.com\/products\/the-resilient-life\" url_new_window=\"on\" button_text=\"Order Now\" _builder_version=\"4.6.6\" custom_button=\"on\" button_border_color=\"#3f5161\" button_use_icon=\"off\" z_index_tablet=\"500\" button_text_color_hover=\"#3f5161\" button_border_color_hover=\"#3f5161\" button_letter_spacing_hover=\"0\" button_bg_color_hover=\"rgba(0,0,0,0)\" button_text_size__hover_enabled=\"off\" button_text_size__hover=\"null\" button_one_text_size__hover_enabled=\"off\" button_one_text_size__hover=\"null\" button_two_text_size__hover_enabled=\"off\" button_two_text_size__hover=\"null\" button_text_color__hover_enabled=\"on\" button_text_color__hover=\"#3f5161\" button_one_text_color__hover_enabled=\"off\" button_one_text_color__hover=\"null\" button_two_text_color__hover_enabled=\"off\" button_two_text_color__hover=\"null\" button_border_width__hover_enabled=\"off\" button_border_width__hover=\"null\" button_one_border_width__hover_enabled=\"off\" button_one_border_width__hover=\"null\" button_two_border_width__hover_enabled=\"off\" button_two_border_width__hover=\"null\" button_border_color__hover_enabled=\"on\" button_border_color__hover=\"#3f5161\" button_one_border_color__hover_enabled=\"off\" button_one_border_color__hover=\"null\" button_two_border_color__hover_enabled=\"off\" button_two_border_color__hover=\"null\" button_border_radius__hover_enabled=\"off\" button_border_radius__hover=\"null\" button_one_border_radius__hover_enabled=\"off\" button_one_border_radius__hover=\"null\" button_two_border_radius__hover_enabled=\"off\" button_two_border_radius__hover=\"null\" button_letter_spacing__hover_enabled=\"on\" button_letter_spacing__hover=\"0\" button_one_letter_spacing__hover_enabled=\"off\" button_one_letter_spacing__hover=\"null\" button_two_letter_spacing__hover_enabled=\"off\" button_two_letter_spacing__hover=\"null\" button_bg_color__hover_enabled=\"on\" button_bg_color__hover=\"rgba(0,0,0,0)\" button_one_bg_color__hover_enabled=\"off\" button_one_bg_color__hover=\"null\" button_two_bg_color__hover_enabled=\"off\" button_two_bg_color__hover=\"null\"]<br \/>[\/et_pb_button][\/et_pb_column][\/et_pb_row][et_pb_row column_structure=\"1_4,1_4,1_4,1_4\" disabled_on=\"on|on|on\" _builder_version=\"3.25\" width_phone=\"50px\" max_width_phone=\"1280px\" z_index_tablet=\"500\" disabled=\"on\"][et_pb_column type=\"1_4\" _builder_version=\"3.25\" custom_padding=\"|||\" custom_padding__hover=\"|||\"][et_pb_image src=\"https:\/\/paulchappell.com\/wp-content\/uploads\/2017\/10\/amazon-1.png\" url=\"http:\/\/amzn.to\/2oHIhxE\" url_new_window=\"on\" use_overlay=\"on\" overlay_icon_color=\"rgba(0,0,0,0)\" hover_overlay_color=\"rgba(238,237,237,0.61)\" align_tablet=\"center\" align_phone=\"\" align_last_edited=\"on|desktop\" _builder_version=\"3.23\"]<br \/>[\/et_pb_image][\/et_pb_column][et_pb_column type=\"1_4\" _builder_version=\"3.25\" custom_padding=\"|||\" custom_padding__hover=\"|||\"][et_pb_image src=\"https:\/\/paulchappell.com\/wp-content\/uploads\/2017\/10\/cbd-1.png\" url=\"https:\/\/www.christianbook.com\/there-marriage-perfect-journey-imperfect-couples\/9781598943535\/pd\/943535\" url_new_window=\"on\" use_overlay=\"on\" overlay_icon_color=\"rgba(0,0,0,0)\" hover_overlay_color=\"rgba(238,237,237,0.61)\" align_tablet=\"center\" align_phone=\"\" align_last_edited=\"on|desktop\" _builder_version=\"3.23\"]<br \/>[\/et_pb_image][\/et_pb_column][et_pb_column type=\"1_4\" _builder_version=\"3.25\" custom_padding=\"|||\" custom_padding__hover=\"|||\"][et_pb_image src=\"https:\/\/paulchappell.com\/wp-content\/uploads\/2017\/10\/barnes-1.png\" url=\"http:\/\/www.barnesandnoble.com\/w\/are-we-there-yet-paul-chappell\/1126286241\" url_new_window=\"on\" use_overlay=\"on\" overlay_icon_color=\"rgba(0,0,0,0)\" hover_overlay_color=\"rgba(238,237,237,0.61)\" align_tablet=\"center\" align_phone=\"\" align_last_edited=\"on|desktop\" _builder_version=\"3.23\"]<br \/>[\/et_pb_image][\/et_pb_column][et_pb_column type=\"1_4\" _builder_version=\"3.25\" custom_padding=\"|||\" custom_padding__hover=\"|||\"][et_pb_image src=\"https:\/\/paulchappell.com\/wp-content\/uploads\/2019\/01\/apple-books-badge.jpg\" url=\"https:\/\/geo.itunes.apple.com\/us\/book\/are-we-there-yet\/id1230541577?mt=11&at=1010lwmh\" url_new_window=\"on\" use_overlay=\"on\" overlay_icon_color=\"rgba(0,0,0,0)\" hover_overlay_color=\"rgba(238,237,237,0.61)\" align_tablet=\"center\" align_phone=\"\" align_last_edited=\"on|desktop\" _builder_version=\"3.23\"]<br \/>[\/et_pb_image][\/et_pb_column][\/et_pb_row][\/et_pb_section][et_pb_section fb_built=\"1\" fullwidth=\"on\" custom_padding_last_edited=\"on|desktop\" disabled_on=\"on|on|\" _builder_version=\"3.22\" background_color=\"#d3d3d3\" custom_padding_tablet=\"50px|0|50px|0\" custom_padding_phone=\"\" padding_mobile=\"off\"][et_pb_fullwidth_menu menu_id=\"653\" submenu_direction=\"downwards\" fullwidth_menu=\"on\" disabled_on=\"on|on|off\" _builder_version=\"3.0.47\" menu_font_size=\"15px\" background_color=\"#a3a3a3\" text_orientation=\"center\" background_layout=\"dark\"]<br \/>[\/et_pb_fullwidth_menu][\/et_pb_section][et_pb_section fb_built=\"1\" _builder_version=\"3.22\"][et_pb_row column_structure=\"1_3,1_3,1_3\" _builder_version=\"3.25\" background_size=\"initial\" background_position=\"top_left\" background_repeat=\"repeat\" max_width=\"1080px\"][et_pb_column type=\"1_3\" _builder_version=\"3.25\" custom_padding=\"|||\" custom_padding__hover=\"|||\"][et_pb_image src=\"https:\/\/paulchappell.com\/wp-content\/uploads\/2017\/01\/pastor-paul-chappell-square.jpg\" alt=\"Pastor Paul Chappell\" title_text=\"Pastor Paul Chappell\" show_bottom_space=\"off\" align=\"center\" align_tablet=\"center\" align_phone=\"\" align_last_edited=\"on|desktop\" module_class=\"rounded-image\" _builder_version=\"3.23\" max_width=\"180px\" animation_style=\"fade\" animation_duration=\"500ms\" animation=\"fade_in\" sticky=\"on\"]<br \/>[\/et_pb_image][et_pb_text _builder_version=\"3.27.4\" background_size=\"initial\" background_position=\"top_left\" background_repeat=\"repeat\" text_orientation=\"center\" module_alignment=\"center\" custom_padding=\"15px|||\"]<\/p><p>Dr. Paul Chappell<\/p><p>[\/et_pb_text][\/et_pb_column][et_pb_column type=\"1_3\" _builder_version=\"3.25\" custom_padding=\"|||\" custom_padding__hover=\"|||\"][et_pb_blurb title=\"Lancaster Baptist Church\" image=\"https:\/\/paulchappell.com\/wp-content\/uploads\/2016\/03\/lbc-identity-copy-1.png\" alt=\"Lancaster Baptist Church\" icon_placement=\"left\" _builder_version=\"3.0.74\" background_size=\"initial\" background_position=\"top_left\" background_repeat=\"repeat\" animation=\"left\"]<\/p><p>In 1986, the Lord brought me to Lancaster Baptist Church, and I have been blessed to serve as the senior pastor here for these past thirty-one years.<\/p><p>[\/et_pb_blurb][et_pb_social_media_follow url_new_window=\"off\" _builder_version=\"3.0.87\" custom_css_main_element=\"padding-left: 45px;||@media (max-width: 980px) {||padding-left: 90px;||}\" border_radii=\"on|100%|100%|100%|100%\" link_shape=\"circle\"][et_pb_social_media_follow_network social_network=\"facebook\" url=\"https:\/\/www.facebook.com\/lancasterbaptist\" _builder_version=\"3.0.47\" background_color=\"#517fa4\" bg_color=\"#517fa4\" link_shape=\"circle\" follow_button=\"off\" url_new_window=\"off\"]facebook<br \/>[\/et_pb_social_media_follow_network][et_pb_social_media_follow_network social_network=\"twitter\" url=\"https:\/\/twitter.com\/LBC_Today\" _builder_version=\"3.0.47\" background_color=\"#517fa4\" bg_color=\"#517fa4\" link_shape=\"circle\" follow_button=\"off\" url_new_window=\"off\"]Twitter<br \/>[\/et_pb_social_media_follow_network][et_pb_social_media_follow_network social_network=\"instagram\" url=\"https:\/\/www.instagram.com\/lbc_today\/\" _builder_version=\"3.0.47\" background_color=\"#517fa4\" bg_color=\"#517fa4\" link_shape=\"circle\" follow_button=\"off\" url_new_window=\"off\"]Instagram<br \/>[\/et_pb_social_media_follow_network][et_pb_social_media_follow_network social_network=\"youtube\" url=\"https:\/\/www.youtube.com\/user\/LancasterBaptistCA\" _builder_version=\"3.0.47\" background_color=\"#517fa4\" bg_color=\"#517fa4\" link_shape=\"circle\" follow_button=\"off\" url_new_window=\"off\"]Youtube<br \/>[\/et_pb_social_media_follow_network][\/et_pb_social_media_follow][\/et_pb_column][et_pb_column type=\"1_3\" _builder_version=\"3.25\" custom_padding=\"|||\" custom_padding__hover=\"|||\"][et_pb_blurb title=\"West Coast Baptist College\" image=\"https:\/\/paulchappell.com\/wp-content\/uploads\/2016\/03\/wcbc.png\" alt=\"West Coast Baptist College\" icon_placement=\"left\" _builder_version=\"3.0.74\" background_size=\"initial\" background_position=\"top_left\" background_repeat=\"repeat\" animation=\"left\"]<\/p><p>As the president of West Coast Baptist College, we have established our mission as \u201cTraining Laborers for His Harvest.\u201d The Lord has allowed us to see over two thousand graduates serving today on harvest fields around the world.<\/p><p>[\/et_pb_blurb][et_pb_social_media_follow url_new_window=\"off\" _builder_version=\"3.0.87\" custom_css_main_element=\"padding-left: 45px;\" border_radii=\"on|100%|100%|100%|100%\" link_shape=\"circle\"][et_pb_social_media_follow_network social_network=\"facebook\" url=\"http:\/\/www.facebook.com\/westcoastbaptistcollege\" _builder_version=\"3.0.47\" background_color=\"#517fa4\" bg_color=\"#517fa4\" link_shape=\"circle\" follow_button=\"off\" url_new_window=\"off\"]Facebook<br \/>[\/et_pb_social_media_follow_network][et_pb_social_media_follow_network social_network=\"twitter\" url=\"https:\/\/twitter.com\/wcbc_today\" _builder_version=\"3.0.47\" background_color=\"#517fa4\" bg_color=\"#517fa4\" link_shape=\"circle\" follow_button=\"off\" url_new_window=\"off\"]Twitter<br \/>[\/et_pb_social_media_follow_network][et_pb_social_media_follow_network social_network=\"instagram\" url=\"http:\/\/instagram.com\/wcbc\" _builder_version=\"3.0.47\" background_color=\"#517fa4\" bg_color=\"#517fa4\" link_shape=\"circle\" follow_button=\"off\" url_new_window=\"off\"]Instagram<br \/>[\/et_pb_social_media_follow_network][et_pb_social_media_follow_network social_network=\"youtube\" url=\"http:\/\/www.youtube.com\/westcoastbaptist\" _builder_version=\"3.0.47\" background_color=\"#517fa4\" bg_color=\"#517fa4\" link_shape=\"circle\" follow_button=\"off\" url_new_window=\"off\"]Youtube<br \/>[\/et_pb_social_media_follow_network][\/et_pb_social_media_follow][\/et_pb_column][\/et_pb_row][\/et_pb_section][et_pb_section fb_built=\"1\" fullwidth=\"on\" custom_padding_last_edited=\"on|phone\" _builder_version=\"3.22\" custom_padding=\"||60px|\" custom_padding_tablet=\"0px|0px|60px|0px\" custom_padding_phone=\"0px|0px|45px|0px\"][et_pb_fullwidth_portfolio include_categories=\"652\" show_date=\"off\" module_class=\"books-slider\" _builder_version=\"3.0.47\" background_size=\"initial\" background_position=\"top_left\" background_repeat=\"repeat\"]<br \/>[\/et_pb_fullwidth_portfolio][\/et_pb_section]<\/p>","_et_gb_content_width":"","inline_featured_image":false,"jetpack_post_was_ever_published":false,"footnotes":""},"class_list":["post-30320","page","type-page","status-publish","hentry"],"jetpack_sharing_enabled":true,"jetpack_shortlink":"https:\/\/wp.me\/P13l8f-7T2","_links":{"self":[{"href":"https:\/\/paulchappell.com\/es\/wp-json\/wp\/v2\/pages\/30320","targetHints":{"allow":["GET"]}}],"collection":[{"href":"https:\/\/paulchappell.com\/es\/wp-json\/wp\/v2\/pages"}],"about":[{"href":"https:\/\/paulchappell.com\/es\/wp-json\/wp\/v2\/types\/page"}],"author":[{"embeddable":true,"href":"https:\/\/paulchappell.com\/es\/wp-json\/wp\/v2\/users\/8"}],"replies":[{"embeddable":true,"href":"https:\/\/paulchappell.com\/es\/wp-json\/wp\/v2\/comments?post=30320"}],"version-history":[{"count":11,"href":"https:\/\/paulchappell.com\/es\/wp-json\/wp\/v2\/pages\/30320\/revisions"}],"predecessor-version":[{"id":30457,"href":"https:\/\/paulchappell.com\/es\/wp-json\/wp\/v2\/pages\/30320\/revisions\/30457"}],"wp:attachment":[{"href":"https:\/\/paulchappell.com\/es\/wp-json\/wp\/v2\/media?parent=30320"}],"curies":[{"name":"wp","href":"https:\/\/api.w.org\/{rel}","templated":true}]}}